{"id":16,"date":"2022-06-01T09:38:03","date_gmt":"2022-06-01T09:38:03","guid":{"rendered":"https:\/\/heeden.be\/?page_id=16"},"modified":"2022-06-26T12:42:51","modified_gmt":"2022-06-26T12:42:51","slug":"werkwijze","status":"publish","type":"page","link":"https:\/\/heeden.be\/?page_id=16","title":{"rendered":"Werkwijze"},"content":{"rendered":"\n<p>We starten de begeleiding met \u00e9\u00e9n of meerdere <strong>intakegesprekken<\/strong>. Deze dienen om kennis te maken en een vertrouwensband op te bouwen, om de re\u00eble vraag duidelijk te krijgen, om zicht te krijgen op je doelstellingen en verwachtingen en om samen te bespreken hoe het traject kan verlopen.&nbsp;<\/p>\n\n\n\n<p>Indien we menen dat collega\u2019s beter geplaatst zijn om jou met je problematiek te helpen, zullen we samen bekijken hoe een <strong>doorverwijzing<\/strong> kan verlopen. We werken graag samen met huisartsen, psychiaters, bedrijfsartsen, enz., uiteraard enkel mits je uitdrukkelijke toestemming.<\/p>\n\n\n\n<p>De eerste sessies laten we kort op elkaar volgen (meestal wekelijks) om een momentum te cre\u00ebren, om een proces op gang te brengen. Na enkele sessies bekijken we samen welke <strong>frequentie<\/strong> verder aangewezen is.<\/p>\n\n\n\n<p>Omdat we opleidingen hebben gevolgd en ruime ervaring hebben opgedaan binnen <strong>verschillende therapeutische stromingen<\/strong>, hanteren we die aanpak of <strong>combinatie van<\/strong> <strong>methodieken<\/strong> waarvan we menen dat die best aansluit bij je vraag. We trachten zoveel mogelijk zowel <strong>oplossingsgericht<\/strong> (korte termijn) als <strong>ontwikkelingsgericht<\/strong> (lange termijn) te werken.<\/p>\n\n\n\n<p>We nodigen je tijdens de begeleiding uit om meer <strong>in contact<\/strong> te komen:<\/p>\n\n\n\n<ul class=\"wp-block-list\"><li>met de wisselwerking tussen je gedachten, gevoelens en gedrag en met de patronen die we hierin kunnen ontwaren<\/li><li>met je noden, behoeften en verlangens<\/li><li>met de \u2018keuzes\u2019 die je in je leven hebt gemaakt en met de invloed van de buitenwereld op deze keuzes<\/li><li>met de richting die je in je leven wil uitgaan<\/li><li>met je talenten, kwaliteiten en mogelijkheden<\/li><\/ul>\n\n\n\n<p>Je wordt je in de loop van dit proces steeds scherper <strong>bewust<\/strong> van jezelf binnen je omgeving. Hierdoor krijg je de mogelijkheden:<\/p>\n\n\n\n<ul class=\"wp-block-list\"><li>om een nieuwe verhouding te leren innemen tegenover je ervaringen en je historiek<\/li><li>om tot een grotere aanvaarding van jezelf en de ander te komen<\/li><li>om bepaalde ervaringen verder te verwerken en te leren hanteren<\/li><li>om meer tot zelfsturing te komen zodat je voelt dat jij je leven weer in handen kan nemen, dat jij de regie over je leven kan voeren<\/li><li>om meer verantwoordelijkheid te nemen voor de keuzes die je wil maken en hierbij meer in je kracht te staan<\/li><\/ul>\n\n\n\n<p>We willen benadrukken dat we tijdens dit persoonlijk ontwikkelingstraject veel aandacht besteden aan je mogelijkheden, je <strong>talenten<\/strong> en je sterktes, omdat we ervan overtuigd zijn dat hierin veel hefbomen tot verandering te vinden zijn.<\/p>\n\n\n\n<p>De <strong>duur<\/strong> van een begeleiding kan erg verschillen. We trachten deze nooit langer te maken dan nodig.&nbsp; Soms zijn enkele sessies voldoende om daarna alleen verder te kunnen. Soms is een langduriger begeleiding aangewezen. We zullen hierrond samen overleggen, zodat je een bewuste keuze kan maken.&nbsp;<\/p>\n","protected":false},"excerpt":{"rendered":"<p>We starten de begeleiding met \u00e9\u00e9n of meerdere intakegesprekken. Deze dienen om kennis te maken en een vertrouwensband op te bouwen, om de re\u00eble vraag duidelijk te krijgen, om zicht te krijgen op je doelstellingen en verwachtingen en om samen te bespreken hoe het traject kan verlopen.&nbsp; Indien we menen dat collega\u2019s beter geplaatst zijn [&#8230;]<\/p>\n<p><a class=\"btn btn-secondary understrap-read-more-link\" href=\"https:\/\/heeden.be\/?page_id=16\">Read More&#8230;<span class=\"screen-reader-text\"> from Werkwijze<\/span><\/a><\/p>\n","protected":false},"author":1,"featured_media":0,"parent":0,"menu_order":0,"comment_status":"closed","ping_status":"closed","template":"","meta":{"footnotes":""},"class_list":["post-16","page","type-page","status-publish","hentry"],"_links":{"self":[{"href":"https:\/\/heeden.be\/index.php?rest_route=\/wp\/v2\/pages\/16","targetHints":{"allow":["GET"]}}],"collection":[{"href":"https:\/\/heeden.be\/index.php?rest_route=\/wp\/v2\/pages"}],"about":[{"href":"https:\/\/heeden.be\/index.php?rest_route=\/wp\/v2\/types\/page"}],"author":[{"embeddable":true,"href":"https:\/\/heeden.be\/index.php?rest_route=\/wp\/v2\/users\/1"}],"replies":[{"embeddable":true,"href":"https:\/\/heeden.be\/index.php?rest_route=%2Fwp%2Fv2%2Fcomments&post=16"}],"version-history":[{"count":5,"href":"https:\/\/heeden.be\/index.php?rest_route=\/wp\/v2\/pages\/16\/revisions"}],"predecessor-version":[{"id":267,"href":"https:\/\/heeden.be\/index.php?rest_route=\/wp\/v2\/pages\/16\/revisions\/267"}],"wp:attachment":[{"href":"https:\/\/heeden.be\/index.php?rest_route=%2Fwp%2Fv2%2Fmedia&parent=16"}],"curies":[{"name":"wp","href":"https:\/\/api.w.org\/{rel}","templated":true}]}}